{"id":93,"date":"2018-06-19T11:53:18","date_gmt":"2018-06-19T11:53:18","guid":{"rendered":"https:\/\/new.burch-korrodi.ch\/?page_id=93"},"modified":"2018-07-10T06:09:05","modified_gmt":"2018-07-10T06:09:05","slug":"93-2","status":"publish","type":"page","link":"https:\/\/burch-korrodi.ch\/?page_id=93","title":{"rendered":""},"content":{"rendered":"<div id=\"pl-93\"  class=\"panel-layout\" ><div id=\"pg-93-0\"  class=\"panel-grid panel-has-style\" ><div style=\"padding: 1px 0; \" data-overlay=\"true\" data-overlay-color=\"#000000\" class=\"panel-row-style panel-row-style-for-93-0\" ><div id=\"pgc-93-0-0\"  class=\"panel-grid-cell\" ><div id=\"panel-93-0-0-0\" class=\"so-panel widget widget_sow-editor panel-first-child\" data-index=\"0\" ><div\n\t\t\t\n\t\t\tclass=\"so-widget-sow-editor so-widget-sow-editor-base\"\n\t\t\t\n\t\t>\n<div class=\"siteorigin-widget-tinymce textwidget\">\n\t<p>Die umfangreiche grafische Sammlung umfasst neben der eigentlichen Graphik auch Handzeichnungen, Aquarelle, Gouachen und \u00d6lbilder sowie eine Vielzahl von historischen Fotografien aus Obwalden. Hier ein kleiner \u00dcberblick \u00fcber die Sammlung:<\/p>\n<\/div>\n<\/div><\/div><div id=\"panel-93-0-0-1\" class=\"so-panel widget widget_media_gallery panel-last-child\" data-index=\"1\" ><div style=\"text-align: left;\" data-title-color=\"#443f3f\" data-headings-color=\"#443f3f\" class=\"panel-widget-style panel-widget-style-for-93-0-0-1\" ><div id='gallery-1' class='gallery galleryid-93 gallery-columns-5 gallery-size-large'><figure class='gallery-item'>\n\t\t\t<div class='gallery-icon portrait'>\n\t\t\t\t<a href='https:\/\/burch-korrodi.ch\/wp-content\/uploads\/2018\/06\/Albert_Jakob_Welti__Katharina_Ming-Amgarten__1924_MA_H_0044x.jpg'><img fetchpriority=\"high\" decoding=\"async\" width=\"706\" height=\"932\" src=\"https:\/\/burch-korrodi.ch\/wp-content\/uploads\/2018\/06\/Albert_Jakob_Welti__Katharina_Ming-Amgarten__1924_MA_H_0044x.jpg\" class=\"attachment-large size-large\" alt=\"\" srcset=\"https:\/\/burch-korrodi.ch\/wp-content\/uploads\/2018\/06\/Albert_Jakob_Welti__Katharina_Ming-Amgarten__1924_MA_H_0044x.jpg 706w, https:\/\/burch-korrodi.ch\/wp-content\/uploads\/2018\/06\/Albert_Jakob_Welti__Katharina_Ming-Amgarten__1924_MA_H_0044x-227x300.jpg 227w, https:\/\/burch-korrodi.ch\/wp-content\/uploads\/2018\/06\/Albert_Jakob_Welti__Katharina_Ming-Amgarten__1924_MA_H_0044x-230x304.jpg 230w, https:\/\/burch-korrodi.ch\/wp-content\/uploads\/2018\/06\/Albert_Jakob_Welti__Katharina_Ming-Amgarten__1924_MA_H_0044x-350x462.jpg 350w, https:\/\/burch-korrodi.ch\/wp-content\/uploads\/2018\/06\/Albert_Jakob_Welti__Katharina_Ming-Amgarten__1924_MA_H_0044x-480x634.jpg 480w\" sizes=\"(max-width: 706px) 100vw, 706px\" \/><\/a>\n\t\t\t<\/div><\/figure><figure class='gallery-item'>\n\t\t\t<div class='gallery-icon portrait'>\n\t\t\t\t<a href='https:\/\/burch-korrodi.ch\/wp-content\/uploads\/2018\/06\/Anonym__S._Maria_von_gueten_Ratt__undatiert_MA_P_0010x.jpg'><img decoding=\"async\" width=\"554\" height=\"693\" src=\"https:\/\/burch-korrodi.ch\/wp-content\/uploads\/2018\/06\/Anonym__S._Maria_von_gueten_Ratt__undatiert_MA_P_0010x.jpg\" class=\"attachment-large size-large\" alt=\"\" srcset=\"https:\/\/burch-korrodi.ch\/wp-content\/uploads\/2018\/06\/Anonym__S._Maria_von_gueten_Ratt__undatiert_MA_P_0010x.jpg 554w, https:\/\/burch-korrodi.ch\/wp-content\/uploads\/2018\/06\/Anonym__S._Maria_von_gueten_Ratt__undatiert_MA_P_0010x-240x300.jpg 240w, https:\/\/burch-korrodi.ch\/wp-content\/uploads\/2018\/06\/Anonym__S._Maria_von_gueten_Ratt__undatiert_MA_P_0010x-230x288.jpg 230w, https:\/\/burch-korrodi.ch\/wp-content\/uploads\/2018\/06\/Anonym__S._Maria_von_gueten_Ratt__undatiert_MA_P_0010x-350x438.jpg 350w, https:\/\/burch-korrodi.ch\/wp-content\/uploads\/2018\/06\/Anonym__S._Maria_von_gueten_Ratt__undatiert_MA_P_0010x-480x600.jpg 480w\" sizes=\"(max-width: 554px) 100vw, 554px\" \/><\/a>\n\t\t\t<\/div><\/figure><figure class='gallery-item'>\n\t\t\t<div class='gallery-icon landscape'>\n\t\t\t\t<a href='https:\/\/burch-korrodi.ch\/wp-content\/uploads\/2018\/06\/Franz_Andreas_Heymann__Johann_Melchior_Ignazi_und_Anna_Maria_Nikodema_Imfeld__undatiert_MA_H_0009x.jpg'><img decoding=\"async\" width=\"902\" height=\"680\" src=\"https:\/\/burch-korrodi.ch\/wp-content\/uploads\/2018\/06\/Franz_Andreas_Heymann__Johann_Melchior_Ignazi_und_Anna_Maria_Nikodema_Imfeld__undatiert_MA_H_0009x.jpg\" class=\"attachment-large size-large\" alt=\"\" srcset=\"https:\/\/burch-korrodi.ch\/wp-content\/uploads\/2018\/06\/Franz_Andreas_Heymann__Johann_Melchior_Ignazi_und_Anna_Maria_Nikodema_Imfeld__undatiert_MA_H_0009x.jpg 902w, https:\/\/burch-korrodi.ch\/wp-content\/uploads\/2018\/06\/Franz_Andreas_Heymann__Johann_Melchior_Ignazi_und_Anna_Maria_Nikodema_Imfeld__undatiert_MA_H_0009x-300x226.jpg 300w, https:\/\/burch-korrodi.ch\/wp-content\/uploads\/2018\/06\/Franz_Andreas_Heymann__Johann_Melchior_Ignazi_und_Anna_Maria_Nikodema_Imfeld__undatiert_MA_H_0009x-768x579.jpg 768w, https:\/\/burch-korrodi.ch\/wp-content\/uploads\/2018\/06\/Franz_Andreas_Heymann__Johann_Melchior_Ignazi_und_Anna_Maria_Nikodema_Imfeld__undatiert_MA_H_0009x-830x626.jpg 830w, https:\/\/burch-korrodi.ch\/wp-content\/uploads\/2018\/06\/Franz_Andreas_Heymann__Johann_Melchior_Ignazi_und_Anna_Maria_Nikodema_Imfeld__undatiert_MA_H_0009x-230x173.jpg 230w, https:\/\/burch-korrodi.ch\/wp-content\/uploads\/2018\/06\/Franz_Andreas_Heymann__Johann_Melchior_Ignazi_und_Anna_Maria_Nikodema_Imfeld__undatiert_MA_H_0009x-350x264.jpg 350w, https:\/\/burch-korrodi.ch\/wp-content\/uploads\/2018\/06\/Franz_Andreas_Heymann__Johann_Melchior_Ignazi_und_Anna_Maria_Nikodema_Imfeld__undatiert_MA_H_0009x-480x362.jpg 480w\" sizes=\"(max-width: 902px) 100vw, 902px\" \/><\/a>\n\t\t\t<\/div><\/figure><figure class='gallery-item'>\n\t\t\t<div class='gallery-icon portrait'>\n\t\t\t\t<a href='https:\/\/burch-korrodi.ch\/wp-content\/uploads\/2018\/06\/Gabriel_Ludwig_Lory__Paysan_de_Meyringuen_dans_la_vallee_d_Oberhasli__1805_MA_D_0018z.jpg'><img loading=\"lazy\" decoding=\"async\" width=\"250\" height=\"334\" src=\"https:\/\/burch-korrodi.ch\/wp-content\/uploads\/2018\/06\/Gabriel_Ludwig_Lory__Paysan_de_Meyringuen_dans_la_vallee_d_Oberhasli__1805_MA_D_0018z.jpg\" class=\"attachment-large size-large\" alt=\"\" srcset=\"https:\/\/burch-korrodi.ch\/wp-content\/uploads\/2018\/06\/Gabriel_Ludwig_Lory__Paysan_de_Meyringuen_dans_la_vallee_d_Oberhasli__1805_MA_D_0018z.jpg 250w, https:\/\/burch-korrodi.ch\/wp-content\/uploads\/2018\/06\/Gabriel_Ludwig_Lory__Paysan_de_Meyringuen_dans_la_vallee_d_Oberhasli__1805_MA_D_0018z-225x300.jpg 225w, https:\/\/burch-korrodi.ch\/wp-content\/uploads\/2018\/06\/Gabriel_Ludwig_Lory__Paysan_de_Meyringuen_dans_la_vallee_d_Oberhasli__1805_MA_D_0018z-230x307.jpg 230w\" sizes=\"(max-width: 250px) 100vw, 250px\" \/><\/a>\n\t\t\t<\/div><\/figure><figure class='gallery-item'>\n\t\t\t<div class='gallery-icon landscape'>\n\t\t\t\t<a href='https:\/\/burch-korrodi.ch\/wp-content\/uploads\/2018\/06\/Heinrich_Fuessli_Stans__undatiert_MA_O_0002y.jpg'><img loading=\"lazy\" decoding=\"async\" width=\"535\" height=\"380\" src=\"https:\/\/burch-korrodi.ch\/wp-content\/uploads\/2018\/06\/Heinrich_Fuessli_Stans__undatiert_MA_O_0002y.jpg\" class=\"attachment-large size-large\" alt=\"\" srcset=\"https:\/\/burch-korrodi.ch\/wp-content\/uploads\/2018\/06\/Heinrich_Fuessli_Stans__undatiert_MA_O_0002y.jpg 535w, https:\/\/burch-korrodi.ch\/wp-content\/uploads\/2018\/06\/Heinrich_Fuessli_Stans__undatiert_MA_O_0002y-300x213.jpg 300w, https:\/\/burch-korrodi.ch\/wp-content\/uploads\/2018\/06\/Heinrich_Fuessli_Stans__undatiert_MA_O_0002y-230x163.jpg 230w, https:\/\/burch-korrodi.ch\/wp-content\/uploads\/2018\/06\/Heinrich_Fuessli_Stans__undatiert_MA_O_0002y-350x249.jpg 350w, https:\/\/burch-korrodi.ch\/wp-content\/uploads\/2018\/06\/Heinrich_Fuessli_Stans__undatiert_MA_O_0002y-480x341.jpg 480w\" sizes=\"(max-width: 535px) 100vw, 535px\" \/><\/a>\n\t\t\t<\/div><\/figure><figure class='gallery-item'>\n\t\t\t<div class='gallery-icon portrait'>\n\t\t\t\t<a href='https:\/\/burch-korrodi.ch\/wp-content\/uploads\/2018\/06\/Heinrich_Fuessli__Der_Felsenweg_gegen_Waeggis_auf_der_Rigi__undatiert_MA_Q_0001z.jpg'><img loading=\"lazy\" decoding=\"async\" width=\"300\" height=\"373\" src=\"https:\/\/burch-korrodi.ch\/wp-content\/uploads\/2018\/06\/Heinrich_Fuessli__Der_Felsenweg_gegen_Waeggis_auf_der_Rigi__undatiert_MA_Q_0001z.jpg\" class=\"attachment-large size-large\" alt=\"\" srcset=\"https:\/\/burch-korrodi.ch\/wp-content\/uploads\/2018\/06\/Heinrich_Fuessli__Der_Felsenweg_gegen_Waeggis_auf_der_Rigi__undatiert_MA_Q_0001z.jpg 300w, https:\/\/burch-korrodi.ch\/wp-content\/uploads\/2018\/06\/Heinrich_Fuessli__Der_Felsenweg_gegen_Waeggis_auf_der_Rigi__undatiert_MA_Q_0001z-241x300.jpg 241w, https:\/\/burch-korrodi.ch\/wp-content\/uploads\/2018\/06\/Heinrich_Fuessli__Der_Felsenweg_gegen_Waeggis_auf_der_Rigi__undatiert_MA_Q_0001z-230x286.jpg 230w\" sizes=\"(max-width: 300px) 100vw, 300px\" \/><\/a>\n\t\t\t<\/div><\/figure><figure class='gallery-item'>\n\t\t\t<div class='gallery-icon landscape'>\n\t\t\t\t<a href='https:\/\/burch-korrodi.ch\/wp-content\/uploads\/2018\/06\/Heinrich_Triner__Hochstuckli_in_Unterschaechen__1818_MA_A_0005y_verso.jpg'><img loading=\"lazy\" decoding=\"async\" width=\"500\" height=\"307\" src=\"https:\/\/burch-korrodi.ch\/wp-content\/uploads\/2018\/06\/Heinrich_Triner__Hochstuckli_in_Unterschaechen__1818_MA_A_0005y_verso.jpg\" class=\"attachment-large size-large\" alt=\"\" srcset=\"https:\/\/burch-korrodi.ch\/wp-content\/uploads\/2018\/06\/Heinrich_Triner__Hochstuckli_in_Unterschaechen__1818_MA_A_0005y_verso.jpg 500w, https:\/\/burch-korrodi.ch\/wp-content\/uploads\/2018\/06\/Heinrich_Triner__Hochstuckli_in_Unterschaechen__1818_MA_A_0005y_verso-300x184.jpg 300w, https:\/\/burch-korrodi.ch\/wp-content\/uploads\/2018\/06\/Heinrich_Triner__Hochstuckli_in_Unterschaechen__1818_MA_A_0005y_verso-230x141.jpg 230w, https:\/\/burch-korrodi.ch\/wp-content\/uploads\/2018\/06\/Heinrich_Triner__Hochstuckli_in_Unterschaechen__1818_MA_A_0005y_verso-350x215.jpg 350w, https:\/\/burch-korrodi.ch\/wp-content\/uploads\/2018\/06\/Heinrich_Triner__Hochstuckli_in_Unterschaechen__1818_MA_A_0005y_verso-480x295.jpg 480w\" sizes=\"(max-width: 500px) 100vw, 500px\" \/><\/a>\n\t\t\t<\/div><\/figure><figure class='gallery-item'>\n\t\t\t<div class='gallery-icon portrait'>\n\t\t\t\t<a href='https:\/\/burch-korrodi.ch\/wp-content\/uploads\/2018\/06\/Herz_Jesu_auf_Pergament_MA_P_0011x_recto.jpg'><img loading=\"lazy\" decoding=\"async\" width=\"528\" height=\"725\" src=\"https:\/\/burch-korrodi.ch\/wp-content\/uploads\/2018\/06\/Herz_Jesu_auf_Pergament_MA_P_0011x_recto.jpg\" class=\"attachment-large size-large\" alt=\"\" srcset=\"https:\/\/burch-korrodi.ch\/wp-content\/uploads\/2018\/06\/Herz_Jesu_auf_Pergament_MA_P_0011x_recto.jpg 528w, https:\/\/burch-korrodi.ch\/wp-content\/uploads\/2018\/06\/Herz_Jesu_auf_Pergament_MA_P_0011x_recto-218x300.jpg 218w, https:\/\/burch-korrodi.ch\/wp-content\/uploads\/2018\/06\/Herz_Jesu_auf_Pergament_MA_P_0011x_recto-230x316.jpg 230w, https:\/\/burch-korrodi.ch\/wp-content\/uploads\/2018\/06\/Herz_Jesu_auf_Pergament_MA_P_0011x_recto-350x481.jpg 350w, https:\/\/burch-korrodi.ch\/wp-content\/uploads\/2018\/06\/Herz_Jesu_auf_Pergament_MA_P_0011x_recto-480x659.jpg 480w\" sizes=\"(max-width: 528px) 100vw, 528px\" \/><\/a>\n\t\t\t<\/div><\/figure><figure class='gallery-item'>\n\t\t\t<div class='gallery-icon landscape'>\n\t\t\t\t<a href='https:\/\/burch-korrodi.ch\/wp-content\/uploads\/2018\/06\/Johann_Jakob_Wetzel__Kayserstuhl_vers_Lungern__undatiert_MA_L_0006z.jpg'><img loading=\"lazy\" decoding=\"async\" width=\"500\" height=\"348\" src=\"https:\/\/burch-korrodi.ch\/wp-content\/uploads\/2018\/06\/Johann_Jakob_Wetzel__Kayserstuhl_vers_Lungern__undatiert_MA_L_0006z.jpg\" class=\"attachment-large size-large\" alt=\"\" srcset=\"https:\/\/burch-korrodi.ch\/wp-content\/uploads\/2018\/06\/Johann_Jakob_Wetzel__Kayserstuhl_vers_Lungern__undatiert_MA_L_0006z.jpg 500w, https:\/\/burch-korrodi.ch\/wp-content\/uploads\/2018\/06\/Johann_Jakob_Wetzel__Kayserstuhl_vers_Lungern__undatiert_MA_L_0006z-300x209.jpg 300w, https:\/\/burch-korrodi.ch\/wp-content\/uploads\/2018\/06\/Johann_Jakob_Wetzel__Kayserstuhl_vers_Lungern__undatiert_MA_L_0006z-230x160.jpg 230w, https:\/\/burch-korrodi.ch\/wp-content\/uploads\/2018\/06\/Johann_Jakob_Wetzel__Kayserstuhl_vers_Lungern__undatiert_MA_L_0006z-350x244.jpg 350w, https:\/\/burch-korrodi.ch\/wp-content\/uploads\/2018\/06\/Johann_Jakob_Wetzel__Kayserstuhl_vers_Lungern__undatiert_MA_L_0006z-480x334.jpg 480w\" sizes=\"(max-width: 500px) 100vw, 500px\" \/><\/a>\n\t\t\t<\/div><\/figure><figure class='gallery-item'>\n\t\t\t<div class='gallery-icon landscape'>\n\t\t\t\t<a href='https:\/\/burch-korrodi.ch\/wp-content\/uploads\/2018\/06\/Josef_Balmer_ohne_Titel__undatiert_MA_W_0049y.jpg'><img loading=\"lazy\" decoding=\"async\" width=\"500\" height=\"323\" src=\"https:\/\/burch-korrodi.ch\/wp-content\/uploads\/2018\/06\/Josef_Balmer_ohne_Titel__undatiert_MA_W_0049y.jpg\" class=\"attachment-large size-large\" alt=\"\" srcset=\"https:\/\/burch-korrodi.ch\/wp-content\/uploads\/2018\/06\/Josef_Balmer_ohne_Titel__undatiert_MA_W_0049y.jpg 500w, https:\/\/burch-korrodi.ch\/wp-content\/uploads\/2018\/06\/Josef_Balmer_ohne_Titel__undatiert_MA_W_0049y-300x194.jpg 300w, https:\/\/burch-korrodi.ch\/wp-content\/uploads\/2018\/06\/Josef_Balmer_ohne_Titel__undatiert_MA_W_0049y-230x149.jpg 230w, https:\/\/burch-korrodi.ch\/wp-content\/uploads\/2018\/06\/Josef_Balmer_ohne_Titel__undatiert_MA_W_0049y-350x226.jpg 350w, https:\/\/burch-korrodi.ch\/wp-content\/uploads\/2018\/06\/Josef_Balmer_ohne_Titel__undatiert_MA_W_0049y-480x310.jpg 480w\" sizes=\"(max-width: 500px) 100vw, 500px\" \/><\/a>\n\t\t\t<\/div><\/figure><figure class='gallery-item'>\n\t\t\t<div class='gallery-icon landscape'>\n\t\t\t\t<a href='https:\/\/burch-korrodi.ch\/wp-content\/uploads\/2018\/06\/Josef_Haas-Triverio__Innebach_-_Alphuette_Sachseln__undatiert_MA_G_0004x.jpg'><img loading=\"lazy\" decoding=\"async\" width=\"500\" height=\"386\" src=\"https:\/\/burch-korrodi.ch\/wp-content\/uploads\/2018\/06\/Josef_Haas-Triverio__Innebach_-_Alphuette_Sachseln__undatiert_MA_G_0004x.jpg\" class=\"attachment-large size-large\" alt=\"\" srcset=\"https:\/\/burch-korrodi.ch\/wp-content\/uploads\/2018\/06\/Josef_Haas-Triverio__Innebach_-_Alphuette_Sachseln__undatiert_MA_G_0004x.jpg 500w, https:\/\/burch-korrodi.ch\/wp-content\/uploads\/2018\/06\/Josef_Haas-Triverio__Innebach_-_Alphuette_Sachseln__undatiert_MA_G_0004x-300x232.jpg 300w, https:\/\/burch-korrodi.ch\/wp-content\/uploads\/2018\/06\/Josef_Haas-Triverio__Innebach_-_Alphuette_Sachseln__undatiert_MA_G_0004x-230x178.jpg 230w, https:\/\/burch-korrodi.ch\/wp-content\/uploads\/2018\/06\/Josef_Haas-Triverio__Innebach_-_Alphuette_Sachseln__undatiert_MA_G_0004x-350x270.jpg 350w, https:\/\/burch-korrodi.ch\/wp-content\/uploads\/2018\/06\/Josef_Haas-Triverio__Innebach_-_Alphuette_Sachseln__undatiert_MA_G_0004x-480x371.jpg 480w\" sizes=\"(max-width: 500px) 100vw, 500px\" \/><\/a>\n\t\t\t<\/div><\/figure><figure class='gallery-item'>\n\t\t\t<div class='gallery-icon portrait'>\n\t\t\t\t<a href='https:\/\/burch-korrodi.ch\/wp-content\/uploads\/2018\/06\/Josef_Haas-Triverio__Sicht_auf_Sachseln__undatiert_MA_G_0001x.jpg'><img loading=\"lazy\" decoding=\"async\" width=\"698\" height=\"759\" src=\"https:\/\/burch-korrodi.ch\/wp-content\/uploads\/2018\/06\/Josef_Haas-Triverio__Sicht_auf_Sachseln__undatiert_MA_G_0001x.jpg\" class=\"attachment-large size-large\" alt=\"\" srcset=\"https:\/\/burch-korrodi.ch\/wp-content\/uploads\/2018\/06\/Josef_Haas-Triverio__Sicht_auf_Sachseln__undatiert_MA_G_0001x.jpg 698w, https:\/\/burch-korrodi.ch\/wp-content\/uploads\/2018\/06\/Josef_Haas-Triverio__Sicht_auf_Sachseln__undatiert_MA_G_0001x-276x300.jpg 276w, https:\/\/burch-korrodi.ch\/wp-content\/uploads\/2018\/06\/Josef_Haas-Triverio__Sicht_auf_Sachseln__undatiert_MA_G_0001x-230x250.jpg 230w, https:\/\/burch-korrodi.ch\/wp-content\/uploads\/2018\/06\/Josef_Haas-Triverio__Sicht_auf_Sachseln__undatiert_MA_G_0001x-350x381.jpg 350w, https:\/\/burch-korrodi.ch\/wp-content\/uploads\/2018\/06\/Josef_Haas-Triverio__Sicht_auf_Sachseln__undatiert_MA_G_0001x-480x522.jpg 480w\" sizes=\"(max-width: 698px) 100vw, 698px\" \/><\/a>\n\t\t\t<\/div><\/figure><figure class='gallery-item'>\n\t\t\t<div class='gallery-icon landscape'>\n\t\t\t\t<a href='https:\/\/burch-korrodi.ch\/wp-content\/uploads\/2018\/06\/Ludwig_Vogel__Schwingtag_auf_der_Kaeserstatt-Alp__verso___1817_MA_A_0020y.jpg'><img loading=\"lazy\" decoding=\"async\" width=\"500\" height=\"262\" src=\"https:\/\/burch-korrodi.ch\/wp-content\/uploads\/2018\/06\/Ludwig_Vogel__Schwingtag_auf_der_Kaeserstatt-Alp__verso___1817_MA_A_0020y.jpg\" class=\"attachment-large size-large\" alt=\"\" srcset=\"https:\/\/burch-korrodi.ch\/wp-content\/uploads\/2018\/06\/Ludwig_Vogel__Schwingtag_auf_der_Kaeserstatt-Alp__verso___1817_MA_A_0020y.jpg 500w, https:\/\/burch-korrodi.ch\/wp-content\/uploads\/2018\/06\/Ludwig_Vogel__Schwingtag_auf_der_Kaeserstatt-Alp__verso___1817_MA_A_0020y-300x157.jpg 300w, https:\/\/burch-korrodi.ch\/wp-content\/uploads\/2018\/06\/Ludwig_Vogel__Schwingtag_auf_der_Kaeserstatt-Alp__verso___1817_MA_A_0020y-230x121.jpg 230w, https:\/\/burch-korrodi.ch\/wp-content\/uploads\/2018\/06\/Ludwig_Vogel__Schwingtag_auf_der_Kaeserstatt-Alp__verso___1817_MA_A_0020y-350x183.jpg 350w, https:\/\/burch-korrodi.ch\/wp-content\/uploads\/2018\/06\/Ludwig_Vogel__Schwingtag_auf_der_Kaeserstatt-Alp__verso___1817_MA_A_0020y-480x252.jpg 480w\" sizes=\"(max-width: 500px) 100vw, 500px\" \/><\/a>\n\t\t\t<\/div><\/figure><figure class='gallery-item'>\n\t\t\t<div class='gallery-icon portrait'>\n\t\t\t\t<a href='https:\/\/burch-korrodi.ch\/wp-content\/uploads\/2018\/06\/Markus_Dinkel__Oberhasli__um_1800_MA_D_0026y.jpg'><img loading=\"lazy\" decoding=\"async\" width=\"500\" height=\"647\" src=\"https:\/\/burch-korrodi.ch\/wp-content\/uploads\/2018\/06\/Markus_Dinkel__Oberhasli__um_1800_MA_D_0026y.jpg\" class=\"attachment-large size-large\" alt=\"\" srcset=\"https:\/\/burch-korrodi.ch\/wp-content\/uploads\/2018\/06\/Markus_Dinkel__Oberhasli__um_1800_MA_D_0026y.jpg 500w, https:\/\/burch-korrodi.ch\/wp-content\/uploads\/2018\/06\/Markus_Dinkel__Oberhasli__um_1800_MA_D_0026y-232x300.jpg 232w, https:\/\/burch-korrodi.ch\/wp-content\/uploads\/2018\/06\/Markus_Dinkel__Oberhasli__um_1800_MA_D_0026y-230x298.jpg 230w, https:\/\/burch-korrodi.ch\/wp-content\/uploads\/2018\/06\/Markus_Dinkel__Oberhasli__um_1800_MA_D_0026y-350x453.jpg 350w, https:\/\/burch-korrodi.ch\/wp-content\/uploads\/2018\/06\/Markus_Dinkel__Oberhasli__um_1800_MA_D_0026y-480x621.jpg 480w\" sizes=\"(max-width: 500px) 100vw, 500px\" \/><\/a>\n\t\t\t<\/div><\/figure><figure class='gallery-item'>\n\t\t\t<div class='gallery-icon landscape'>\n\t\t\t\t<a href='https:\/\/burch-korrodi.ch\/wp-content\/uploads\/2018\/06\/Paul_Julius_Arter__1797_-_1839___L_auberge_du_Righi-Staffel__undatiert_MA_Q_0011z.jpg'><img loading=\"lazy\" decoding=\"async\" width=\"500\" height=\"354\" src=\"https:\/\/burch-korrodi.ch\/wp-content\/uploads\/2018\/06\/Paul_Julius_Arter__1797_-_1839___L_auberge_du_Righi-Staffel__undatiert_MA_Q_0011z.jpg\" class=\"attachment-large size-large\" alt=\"\" srcset=\"https:\/\/burch-korrodi.ch\/wp-content\/uploads\/2018\/06\/Paul_Julius_Arter__1797_-_1839___L_auberge_du_Righi-Staffel__undatiert_MA_Q_0011z.jpg 500w, https:\/\/burch-korrodi.ch\/wp-content\/uploads\/2018\/06\/Paul_Julius_Arter__1797_-_1839___L_auberge_du_Righi-Staffel__undatiert_MA_Q_0011z-300x212.jpg 300w, https:\/\/burch-korrodi.ch\/wp-content\/uploads\/2018\/06\/Paul_Julius_Arter__1797_-_1839___L_auberge_du_Righi-Staffel__undatiert_MA_Q_0011z-230x163.jpg 230w, https:\/\/burch-korrodi.ch\/wp-content\/uploads\/2018\/06\/Paul_Julius_Arter__1797_-_1839___L_auberge_du_Righi-Staffel__undatiert_MA_Q_0011z-350x248.jpg 350w, https:\/\/burch-korrodi.ch\/wp-content\/uploads\/2018\/06\/Paul_Julius_Arter__1797_-_1839___L_auberge_du_Righi-Staffel__undatiert_MA_Q_0011z-480x340.jpg 480w\" sizes=\"(max-width: 500px) 100vw, 500px\" \/><\/a>\n\t\t\t<\/div><\/figure>\n\t\t<\/div>\n<\/div><\/div><\/div><\/div><\/div><\/div>","protected":false},"excerpt":{"rendered":"<p>Die umfangreiche grafische Sammlung umfasst neben der eigentlichen Graphik auch Handzeichnungen, Aquarelle, Gouachen und \u00d6lbilder sowie eine Vielzahl von historischen Fotografien aus [&hellip;]<\/p>\n","protected":false},"author":1,"featured_media":0,"parent":0,"menu_order":0,"comment_status":"closed","ping_status":"closed","template":"","meta":{"footnotes":""},"class_list":["post-93","page","type-page","status-publish","hentry"],"_links":{"self":[{"href":"https:\/\/burch-korrodi.ch\/index.php?rest_route=\/wp\/v2\/pages\/93","targetHints":{"allow":["GET"]}}],"collection":[{"href":"https:\/\/burch-korrodi.ch\/index.php?rest_route=\/wp\/v2\/pages"}],"about":[{"href":"https:\/\/burch-korrodi.ch\/index.php?rest_route=\/wp\/v2\/types\/page"}],"author":[{"embeddable":true,"href":"https:\/\/burch-korrodi.ch\/index.php?rest_route=\/wp\/v2\/users\/1"}],"replies":[{"embeddable":true,"href":"https:\/\/burch-korrodi.ch\/index.php?rest_route=%2Fwp%2Fv2%2Fcomments&post=93"}],"version-history":[{"count":26,"href":"https:\/\/burch-korrodi.ch\/index.php?rest_route=\/wp\/v2\/pages\/93\/revisions"}],"predecessor-version":[{"id":759,"href":"https:\/\/burch-korrodi.ch\/index.php?rest_route=\/wp\/v2\/pages\/93\/revisions\/759"}],"wp:attachment":[{"href":"https:\/\/burch-korrodi.ch\/index.php?rest_route=%2Fwp%2Fv2%2Fmedia&parent=93"}],"curies":[{"name":"wp","href":"https:\/\/api.w.org\/{rel}","templated":true}]}}