{"id":85,"date":"2018-06-19T11:44:30","date_gmt":"2018-06-19T11:44:30","guid":{"rendered":"https:\/\/new.burch-korrodi.ch\/?page_id=85"},"modified":"2019-04-18T09:38:47","modified_gmt":"2019-04-18T09:38:47","slug":"ausstellung","status":"publish","type":"page","link":"https:\/\/burch-korrodi.ch\/?page_id=85","title":{"rendered":"Ausstellung"},"content":{"rendered":"<div id=\"pl-85\"  class=\"panel-layout\" ><div id=\"pg-85-0\"  class=\"panel-grid panel-has-style\" ><div style=\"padding: 1px 0; \" data-overlay=\"true\" data-overlay-color=\"#000000\" class=\"panel-row-style panel-row-style-for-85-0\" ><div id=\"pgc-85-0-0\"  class=\"panel-grid-cell\" ><div id=\"panel-85-0-0-0\" class=\"so-panel widget widget_sow-editor panel-first-child\" data-index=\"0\" ><div style=\"text-align: left;\" data-title-color=\"#443f3f\" data-headings-color=\"#443f3f\" class=\"panel-widget-style panel-widget-style-for-85-0-0-0\" ><div\n\t\t\t\n\t\t\tclass=\"so-widget-sow-editor so-widget-sow-editor-base\"\n\t\t\t\n\t\t>\n<div class=\"siteorigin-widget-tinymce textwidget\">\n\t<p>Um der \u00d6ffentlichkeit die Gold- und Silberschmiedearbeiten aus dem Z\u00fcrcher Atelier zug\u00e4nglich zu machen, wurde im 2007 aus einem Raum im Untergeschoss des Bildungs- und Kulturdepartements eine \"Schatzkammer\" geschaffen.<\/p>\n<p>In der Multivisionsschau und mit attraktiv pr\u00e4sentierten und inszenierten Objekten aus der Sammlung Burch-Korrodi werden Werdegang und Werk des bedeutendsten Schweizer Goldschmieds des 20. Jahrhunderts wieder lebendig.<\/p>\n<p><strong>\u00d6ffnungszeiten<\/strong><\/p>\n<p>Nur auf Voranmeldung<br \/>\nF\u00fcr Gruppenbesuche bitte beim Bildungs- und Kulturdepartement (041 666 62 43) einen Besichtigungstermin vereinbaren.<\/p>\n<p><strong>Eintritt<\/strong><\/p>\n<p>Gruppenf\u00fchrung bis ca. 20 Personen: Fr. 100.00<br \/>\nDauer ca. 40 Minuten<\/p>\n<\/div>\n<\/div><\/div><\/div><div id=\"panel-85-0-0-1\" class=\"so-panel widget widget_media_gallery panel-last-child\" data-index=\"1\" ><div style=\"text-align: left;\" data-title-color=\"#443f3f\" data-headings-color=\"#443f3f\" class=\"panel-widget-style panel-widget-style-for-85-0-0-1\" ><div id='gallery-1' class='gallery galleryid-85 gallery-columns-3 gallery-size-large'><figure class='gallery-item'>\n\t\t\t<div class='gallery-icon landscape'>\n\t\t\t\t<a href='https:\/\/burch-korrodi.ch\/wp-content\/uploads\/2018\/06\/Raum_1.jpg'><img fetchpriority=\"high\" decoding=\"async\" width=\"500\" height=\"321\" src=\"https:\/\/burch-korrodi.ch\/wp-content\/uploads\/2018\/06\/Raum_1.jpg\" class=\"attachment-large size-large\" alt=\"\" srcset=\"https:\/\/burch-korrodi.ch\/wp-content\/uploads\/2018\/06\/Raum_1.jpg 500w, https:\/\/burch-korrodi.ch\/wp-content\/uploads\/2018\/06\/Raum_1-300x193.jpg 300w, https:\/\/burch-korrodi.ch\/wp-content\/uploads\/2018\/06\/Raum_1-230x148.jpg 230w, https:\/\/burch-korrodi.ch\/wp-content\/uploads\/2018\/06\/Raum_1-350x225.jpg 350w, https:\/\/burch-korrodi.ch\/wp-content\/uploads\/2018\/06\/Raum_1-480x308.jpg 480w\" sizes=\"(max-width: 500px) 100vw, 500px\" \/><\/a>\n\t\t\t<\/div><\/figure><figure class='gallery-item'>\n\t\t\t<div class='gallery-icon landscape'>\n\t\t\t\t<a href='https:\/\/burch-korrodi.ch\/wp-content\/uploads\/2018\/06\/raum3.jpg'><img decoding=\"async\" width=\"295\" height=\"190\" src=\"https:\/\/burch-korrodi.ch\/wp-content\/uploads\/2018\/06\/raum3.jpg\" class=\"attachment-large size-large\" alt=\"\" srcset=\"https:\/\/burch-korrodi.ch\/wp-content\/uploads\/2018\/06\/raum3.jpg 295w, https:\/\/burch-korrodi.ch\/wp-content\/uploads\/2018\/06\/raum3-230x148.jpg 230w\" sizes=\"(max-width: 295px) 100vw, 295px\" \/><\/a>\n\t\t\t<\/div><\/figure><figure class='gallery-item'>\n\t\t\t<div class='gallery-icon landscape'>\n\t\t\t\t<a href='https:\/\/burch-korrodi.ch\/wp-content\/uploads\/2018\/06\/Raum_5.jpg'><img decoding=\"async\" width=\"1024\" height=\"658\" src=\"https:\/\/burch-korrodi.ch\/wp-content\/uploads\/2018\/06\/Raum_5-1024x658.jpg\" class=\"attachment-large size-large\" alt=\"\" srcset=\"https:\/\/burch-korrodi.ch\/wp-content\/uploads\/2018\/06\/Raum_5-1024x658.jpg 1024w, https:\/\/burch-korrodi.ch\/wp-content\/uploads\/2018\/06\/Raum_5-300x193.jpg 300w, https:\/\/burch-korrodi.ch\/wp-content\/uploads\/2018\/06\/Raum_5-768x494.jpg 768w, https:\/\/burch-korrodi.ch\/wp-content\/uploads\/2018\/06\/Raum_5-830x533.jpg 830w, https:\/\/burch-korrodi.ch\/wp-content\/uploads\/2018\/06\/Raum_5-230x148.jpg 230w, https:\/\/burch-korrodi.ch\/wp-content\/uploads\/2018\/06\/Raum_5-350x225.jpg 350w, https:\/\/burch-korrodi.ch\/wp-content\/uploads\/2018\/06\/Raum_5-480x308.jpg 480w, https:\/\/burch-korrodi.ch\/wp-content\/uploads\/2018\/06\/Raum_5.jpg 1654w\" sizes=\"(max-width: 1024px) 100vw, 1024px\" \/><\/a>\n\t\t\t<\/div><\/figure>\n\t\t<\/div>\n<\/div><\/div><\/div><\/div><\/div><\/div>","protected":false},"excerpt":{"rendered":"<p>Um der \u00d6ffentlichkeit die Gold- und Silberschmiedearbeiten aus dem Z\u00fcrcher Atelier zug\u00e4nglich zu machen, wurde im 2007 aus einem Raum im Untergeschoss [&hellip;]<\/p>\n","protected":false},"author":1,"featured_media":0,"parent":0,"menu_order":0,"comment_status":"closed","ping_status":"closed","template":"","meta":{"footnotes":""},"class_list":["post-85","page","type-page","status-publish","hentry"],"_links":{"self":[{"href":"https:\/\/burch-korrodi.ch\/index.php?rest_route=\/wp\/v2\/pages\/85","targetHints":{"allow":["GET"]}}],"collection":[{"href":"https:\/\/burch-korrodi.ch\/index.php?rest_route=\/wp\/v2\/pages"}],"about":[{"href":"https:\/\/burch-korrodi.ch\/index.php?rest_route=\/wp\/v2\/types\/page"}],"author":[{"embeddable":true,"href":"https:\/\/burch-korrodi.ch\/index.php?rest_route=\/wp\/v2\/users\/1"}],"replies":[{"embeddable":true,"href":"https:\/\/burch-korrodi.ch\/index.php?rest_route=%2Fwp%2Fv2%2Fcomments&post=85"}],"version-history":[{"count":37,"href":"https:\/\/burch-korrodi.ch\/index.php?rest_route=\/wp\/v2\/pages\/85\/revisions"}],"predecessor-version":[{"id":697,"href":"https:\/\/burch-korrodi.ch\/index.php?rest_route=\/wp\/v2\/pages\/85\/revisions\/697"}],"wp:attachment":[{"href":"https:\/\/burch-korrodi.ch\/index.php?rest_route=%2Fwp%2Fv2%2Fmedia&parent=85"}],"curies":[{"name":"wp","href":"https:\/\/api.w.org\/{rel}","templated":true}]}}