{"id":68,"date":"2018-06-19T11:11:32","date_gmt":"2018-06-19T11:11:32","guid":{"rendered":"https:\/\/new.burch-korrodi.ch\/?page_id=68"},"modified":"2018-07-24T08:41:25","modified_gmt":"2018-07-24T08:41:25","slug":"der-goldschmied-und-unternehmer-meinrad-burch-korrodi","status":"publish","type":"page","link":"https:\/\/burch-korrodi.ch\/?page_id=68","title":{"rendered":"Der Goldschmied und Unternehmer Meinrad Burch-Korrodi"},"content":{"rendered":"<div id=\"pl-68\"  class=\"panel-layout\" ><div id=\"pg-68-0\"  class=\"panel-grid panel-has-style\" ><div style=\"padding: 1px 0; \" data-overlay=\"true\" data-overlay-color=\"#000000\" class=\"panel-row-style panel-row-style-for-68-0\" ><div id=\"pgc-68-0-0\"  class=\"panel-grid-cell\" ><div id=\"panel-68-0-0-0\" class=\"so-panel widget widget_sow-editor panel-first-child panel-last-child\" data-index=\"0\" ><div style=\"text-align: left;\" data-title-color=\"#443f3f\" data-headings-color=\"#443f3f\" class=\"panel-widget-style panel-widget-style-for-68-0-0-0\" ><div\n\t\t\t\n\t\t\tclass=\"so-widget-sow-editor so-widget-sow-editor-base\"\n\t\t\t\n\t\t>\n<div class=\"siteorigin-widget-tinymce textwidget\">\n\t<h4>Ausgangslage f\u00fcr das Schaffen von Meinrad Burch-Korrodi<\/h4>\n<p class=\"bodytext\">Um 1925 gabe es einen kleinen Kreis von jungen Goldschmieden, die sich f\u00fcr eine formale Erneuerung ihrer Arbeit einsetzten und Arbeiten anboten, handwerkliche Einzelst\u00fccke, die ein neues, k\u00fchles Formempfinden verband. Zu dieser jungen Vorhut geh\u00f6rte auch Meinrad Burch-Korrodi. Als Erneuerer f\u00fcr die Innerschweiz galt u.a. auch der Luzerner Arnold Stockmann. Im Gegensatz zu Stockmann distanzierte sich Burch schon bald von den historisierenden Stilanleihen, welche noch seinen liturgischen Ger\u00e4te der 1920er Jahre gepr\u00e4gt hatten. Er gab den kirchlichen Objekten neue Impulse hinsichtlich einer Erneuerung und Vereinheitlichung der Form. Meinrad Burchs Arbeiten entstanden zwischen dekorativer Eleganz, kunsthandwerklichem Interesse und k\u00fchler Sachlichkeit sowie in einer Wechselbeziehung zwischen Funktion und Form. Es wurde Burchs Lebensaufgabe, eine neue Formensprache zu generieren. Aus einfachsten geometrischen Grundformen heraus - wie Kreis, Oval, Kugel, Zylinder - entwickelte Burch und seine Mitarbeiter ihre Ger\u00e4te. Zunehmend schwanden dekorative Elemente.<\/p>\n<h4>Seine Werkstatt Technik und Material<\/h4>\n<p class=\"bodytext\">In der Werkstatt Burch-Korrodi waren w\u00e4hrend der Jahre zwischen sechs und zwanzig Mitarbeiter angestellt. Burchs Kaufm\u00e4nnisches Talent erm\u00f6glichte eine ideale Besetzung der verschiedenen Aufgaben in der Werkstatt. Er wusste genau, welches Talent er wo einzusetzen hatte, um den gr\u00f6sstm\u00f6glichen Erfolg zu erlangen. So war es v.a. Burchs Aufgabe, im Gesch\u00e4ft die F\u00e4den zusammenzuhalten und Auftr\u00e4ge einzuholen, was ihm Dank seinem guten Beziehungsnetz bestens gelang. Die hohe Qualit\u00e4t der Entw\u00fcrfe und das fachgem\u00e4sse Bearbeiten der Materialien ist aber vorwiegend den Mitarbeitern der Werkstatt Burch-Korrodi zu verdanken. Vier der Mitarbeiter spielten eine besonders grosse Rolle: Heinrich Baumann (1933-1942) und Kurt Aepli (1942-1967) waren nicht nur an der handwerklichen Ausf\u00fchrung, sondern auch an der k\u00fcnstlerischen Formung beteiligt. Als dritte Person ist Martin Bucher zu nennen, der nicht nur seine Lehre in der Werkstatt absolvierte, sondern der Firma bis zum Schluss erhalten blieb. Schliesslich ist auch der norwegische Emailleur Berger Bergersen zu nennen, der w\u00e4hrend der letzten Werkstattjahren zum Erfolg der emaillierten Ger\u00e4te und Objekte Grosses beigetragen hatte. Auch wenn die Formgebung und Ausf\u00fchrung an Meinrad Burchs Vorstellungen und Ideale gebunden war, liess er seinen Mitarbeitern mit ihren vielseitigen Talenten und F\u00e4higkeiten bei ihrer Arbeitsgestaltung \u00e4usserste Freiheit. Ohne den Einsatz der vielen Mitarbeiter w\u00e4re dieses Lebenswerk undenkbar gewesen.<\/p>\n<h4>Technik und Material<\/h4>\n<p class=\"bodytext\">Die Technik und die M\u00f6glichkeiten des Materials waren grundlegende Elemente einer Arbeit und bildeten die Basis f\u00fcr eine Formgebung. Die beiden Materialien Draht und Blech bildeten die Basis des Aufbaus aller Schmuckst\u00fccke und jedes liturgischen oder profanen Werks. Neben klassischen Gestaltungsmaterialien, wie verschiedene Edelmetallen und Edelsteinen, setzte die Werkstatt von Burch auch andere Werkstoffe ein, um andere, weniger gew\u00f6hnliche Kontrastwirkungen zu erzeugen. So f\u00fchrte Burch die Verwendung von Bergkristalle in seinem Werk weiter und entwickelte sie in die Richtung seiner Auffassung der klaren Form. Weiter wurde in der Werkstatt versucht, die Oberfl\u00e4chen der Edelmetalle mit Farbe zu kontrastieren. Sp\u00e4ter wurde zum selben Zweck Email als Gestaltungsmittel eingesetzt. Zuerst nur um wenige Stellen eines Objekts zu akzentuieren, und dann zunehmend um ganze Fl\u00e4chen zu gestalten. Diese grossfl\u00e4chigen Emaillierungen und kompletten \u00dcberemaillierungen auf liturgischen Ger\u00e4ten aus seiner Werkstatt sind die ersten \u00fcberhaupt bekannten.<\/p>\n<\/div>\n<\/div><\/div><\/div><\/div><\/div><\/div><div id=\"pg-68-1\"  class=\"panel-grid panel-has-style\" ><div style=\"padding: 1px 0; \" data-overlay=\"true\" data-overlay-color=\"#000000\" class=\"panel-row-style panel-row-style-for-68-1\" ><div id=\"pgc-68-1-0\"  class=\"panel-grid-cell panel-grid-cell-empty\" ><\/div><div id=\"pgc-68-1-1\"  class=\"panel-grid-cell panel-grid-cell-mobile-last\" ><div id=\"panel-68-1-1-0\" class=\"so-panel widget widget_sow-slider panel-first-child panel-last-child\" data-index=\"1\" ><div style=\"text-align: center;\" id=\"sliderglold\" data-title-color=\"#443f3f\" data-headings-color=\"#443f3f\" class=\"panel-widget-style panel-widget-style-for-68-1-1-0\" ><div\n\t\t\t\n\t\t\tclass=\"so-widget-sow-slider so-widget-sow-slider-default-6d39609536fd-68\"\n\t\t\t\n\t\t>\t\t\t\t<div class=\"sow-slider-base\" style=\"display: none\" tabindex=\"0\">\n\t\t\t\t\t<ul\n\t\t\t\t\tclass=\"sow-slider-images\"\n\t\t\t\t\tdata-settings=\"{&quot;pagination&quot;:true,&quot;speed&quot;:800,&quot;timeout&quot;:4000,&quot;paused&quot;:false,&quot;pause_on_hover&quot;:false,&quot;swipe&quot;:true,&quot;nav_always_show_desktop&quot;:&quot;&quot;,&quot;nav_always_show_mobile&quot;:&quot;&quot;,&quot;breakpoint&quot;:&quot;780px&quot;,&quot;unmute&quot;:false,&quot;anchor&quot;:null}\"\n\t\t\t\t\t\t\t\t\t\tdata-anchor-id=\"\"\n\t\t\t\t>\t\t<li class=\"sow-slider-image  sow-slider-image-cover\" style=\"visibility: visible;;background-image: url(https:\/\/burch-korrodi.ch\/wp-content\/uploads\/2018\/06\/01_Geschaeft_Bahnhofstr._44__ZH_web2.jpg)\" >\n\t\t\t\t\t\t<div class=\"sow-slider-image-container\">\n\t\t\t\t<div class=\"sow-slider-image-wrapper\" style=\"max-width: 500px\">\n\t\t\t\t\t\t\t\t\t\t<div class=\"sow-slider-image-foreground-wrapper\">\n\t\t\t\t\t\t<img fetchpriority=\"high\" decoding=\"async\" width=\"500\" height=\"635\" src=\"https:\/\/burch-korrodi.ch\/wp-content\/uploads\/2018\/06\/01_Geschaeft_Bahnhofstr._44__ZH_web2.jpg\" class=\"sow-slider-foreground-image\" alt=\"\" style=\"\" srcset=\"https:\/\/burch-korrodi.ch\/wp-content\/uploads\/2018\/06\/01_Geschaeft_Bahnhofstr._44__ZH_web2.jpg 500w, https:\/\/burch-korrodi.ch\/wp-content\/uploads\/2018\/06\/01_Geschaeft_Bahnhofstr._44__ZH_web2-236x300.jpg 236w, https:\/\/burch-korrodi.ch\/wp-content\/uploads\/2018\/06\/01_Geschaeft_Bahnhofstr._44__ZH_web2-230x292.jpg 230w, https:\/\/burch-korrodi.ch\/wp-content\/uploads\/2018\/06\/01_Geschaeft_Bahnhofstr._44__ZH_web2-350x445.jpg 350w, https:\/\/burch-korrodi.ch\/wp-content\/uploads\/2018\/06\/01_Geschaeft_Bahnhofstr._44__ZH_web2-480x610.jpg 480w\" sizes=\"(max-width: 500px) 100vw, 500px\" \/>\t\t\t\t\t<\/div>\n\t\t\t\t\t\t\t\t\t<\/div>\n\t\t\t<\/div>\n\t\t\t\t\t<\/li>\n\t\t\t\t<li class=\"sow-slider-image  sow-slider-image-cover\" style=\"visibility: hidden;\" data-background=\"url(https:\/\/burch-korrodi.ch\/wp-content\/uploads\/2018\/06\/02_Burch_beim_Verkauf_im_Ladenlokal_in_ZH_web2.jpg)\" >\n\t\t\t\t\t\t<div class=\"sow-slider-image-container\">\n\t\t\t\t<div class=\"sow-slider-image-wrapper\" style=\"max-width: 500px\">\n\t\t\t\t\t\t\t\t\t\t<div class=\"sow-slider-image-foreground-wrapper\">\n\t\t\t\t\t\t<img decoding=\"async\" width=\"500\" height=\"604\" src=\"https:\/\/burch-korrodi.ch\/wp-content\/uploads\/2018\/06\/02_Burch_beim_Verkauf_im_Ladenlokal_in_ZH_web2.jpg\" class=\"sow-slider-foreground-image\" alt=\"\" style=\"\" srcset=\"https:\/\/burch-korrodi.ch\/wp-content\/uploads\/2018\/06\/02_Burch_beim_Verkauf_im_Ladenlokal_in_ZH_web2.jpg 500w, https:\/\/burch-korrodi.ch\/wp-content\/uploads\/2018\/06\/02_Burch_beim_Verkauf_im_Ladenlokal_in_ZH_web2-248x300.jpg 248w, https:\/\/burch-korrodi.ch\/wp-content\/uploads\/2018\/06\/02_Burch_beim_Verkauf_im_Ladenlokal_in_ZH_web2-230x278.jpg 230w, https:\/\/burch-korrodi.ch\/wp-content\/uploads\/2018\/06\/02_Burch_beim_Verkauf_im_Ladenlokal_in_ZH_web2-350x423.jpg 350w, https:\/\/burch-korrodi.ch\/wp-content\/uploads\/2018\/06\/02_Burch_beim_Verkauf_im_Ladenlokal_in_ZH_web2-480x580.jpg 480w\" sizes=\"(max-width: 500px) 100vw, 500px\" \/>\t\t\t\t\t<\/div>\n\t\t\t\t\t\t\t\t\t<\/div>\n\t\t\t<\/div>\n\t\t\t\t\t<\/li>\n\t\t\t\t<li class=\"sow-slider-image  sow-slider-image-cover\" style=\"visibility: hidden;\" data-background=\"url(https:\/\/burch-korrodi.ch\/wp-content\/uploads\/2018\/06\/03_Werkstatt_web2.jpg)\" >\n\t\t\t\t\t\t<div class=\"sow-slider-image-container\">\n\t\t\t\t<div class=\"sow-slider-image-wrapper\" style=\"max-width: 500px\">\n\t\t\t\t\t\t\t\t\t\t<div class=\"sow-slider-image-foreground-wrapper\">\n\t\t\t\t\t\t<img decoding=\"async\" width=\"500\" height=\"407\" src=\"https:\/\/burch-korrodi.ch\/wp-content\/uploads\/2018\/06\/03_Werkstatt_web2.jpg\" class=\"sow-slider-foreground-image\" alt=\"\" style=\"\" srcset=\"https:\/\/burch-korrodi.ch\/wp-content\/uploads\/2018\/06\/03_Werkstatt_web2.jpg 500w, https:\/\/burch-korrodi.ch\/wp-content\/uploads\/2018\/06\/03_Werkstatt_web2-300x244.jpg 300w, https:\/\/burch-korrodi.ch\/wp-content\/uploads\/2018\/06\/03_Werkstatt_web2-230x187.jpg 230w, https:\/\/burch-korrodi.ch\/wp-content\/uploads\/2018\/06\/03_Werkstatt_web2-350x285.jpg 350w, https:\/\/burch-korrodi.ch\/wp-content\/uploads\/2018\/06\/03_Werkstatt_web2-480x391.jpg 480w\" sizes=\"(max-width: 500px) 100vw, 500px\" \/>\t\t\t\t\t<\/div>\n\t\t\t\t\t\t\t\t\t<\/div>\n\t\t\t<\/div>\n\t\t\t\t\t<\/li>\n\t\t<\/ul>\t\t\t\t<ol class=\"sow-slider-pagination\">\n\t\t\t\t\t\t\t\t\t\t\t<li><a href=\"#\" data-goto=\"0\" aria-label=\"Display slide 1\"><\/a><\/li>\n\t\t\t\t\t\t\t\t\t\t\t<li><a href=\"#\" data-goto=\"1\" aria-label=\"Display slide 2\"><\/a><\/li>\n\t\t\t\t\t\t\t\t\t\t\t<li><a href=\"#\" data-goto=\"2\" aria-label=\"Display slide 3\"><\/a><\/li>\n\t\t\t\t\t\t\t\t\t<\/ol>\n\n\t\t\t\t<div class=\"sow-slide-nav sow-slide-nav-next\">\n\t\t\t\t\t<a href=\"#\" data-goto=\"next\" aria-label=\"Next slide\" data-action=\"next\">\n\t\t\t\t\t\t<em class=\"sow-sld-icon-thin-right\"><\/em>\n\t\t\t\t\t<\/a>\n\t\t\t\t<\/div>\n\n\t\t\t\t<div class=\"sow-slide-nav sow-slide-nav-prev\">\n\t\t\t\t\t<a href=\"#\" data-goto=\"previous\" aria-label=\"Previous slide\" data-action=\"prev\">\n\t\t\t\t\t\t<em class=\"sow-sld-icon-thin-left\"><\/em>\n\t\t\t\t\t<\/a>\n\t\t\t\t<\/div>\n\t\t\t\t<\/div><\/div><\/div><\/div><\/div><div id=\"pgc-68-1-2\"  class=\"panel-grid-cell panel-grid-cell-empty\" ><\/div><\/div><\/div><\/div>","protected":false},"excerpt":{"rendered":"<p>Ausgangslage f\u00fcr das Schaffen von Meinrad Burch-Korrodi Um 1925 gabe es einen kleinen Kreis von jungen Goldschmieden, die sich f\u00fcr eine formale [&hellip;]<\/p>\n","protected":false},"author":1,"featured_media":0,"parent":0,"menu_order":0,"comment_status":"closed","ping_status":"closed","template":"","meta":{"footnotes":""},"class_list":["post-68","page","type-page","status-publish","hentry"],"_links":{"self":[{"href":"https:\/\/burch-korrodi.ch\/index.php?rest_route=\/wp\/v2\/pages\/68","targetHints":{"allow":["GET"]}}],"collection":[{"href":"https:\/\/burch-korrodi.ch\/index.php?rest_route=\/wp\/v2\/pages"}],"about":[{"href":"https:\/\/burch-korrodi.ch\/index.php?rest_route=\/wp\/v2\/types\/page"}],"author":[{"embeddable":true,"href":"https:\/\/burch-korrodi.ch\/index.php?rest_route=\/wp\/v2\/users\/1"}],"replies":[{"embeddable":true,"href":"https:\/\/burch-korrodi.ch\/index.php?rest_route=%2Fwp%2Fv2%2Fcomments&post=68"}],"version-history":[{"count":59,"href":"https:\/\/burch-korrodi.ch\/index.php?rest_route=\/wp\/v2\/pages\/68\/revisions"}],"predecessor-version":[{"id":77,"href":"https:\/\/burch-korrodi.ch\/index.php?rest_route=\/wp\/v2\/pages\/68\/revisions\/77"}],"wp:attachment":[{"href":"https:\/\/burch-korrodi.ch\/index.php?rest_route=%2Fwp%2Fv2%2Fmedia&parent=68"}],"curies":[{"name":"wp","href":"https:\/\/api.w.org\/{rel}","templated":true}]}}