{"id":10,"date":"2018-06-19T08:05:03","date_gmt":"2018-06-19T08:05:03","guid":{"rendered":"https:\/\/new.burch-korrodi.ch\/?page_id=10"},"modified":"2021-09-20T13:41:11","modified_gmt":"2021-09-20T13:41:11","slug":"10-2","status":"publish","type":"page","link":"https:\/\/burch-korrodi.ch\/","title":{"rendered":"&#8222;Gute Arbeit leisten ist eine geistige Haltung.&#8220;"},"content":{"rendered":"<div id=\"pl-10\"  class=\"panel-layout\" ><div id=\"pg-10-0\"  class=\"panel-grid panel-has-style\" ><div style=\"padding: 3em 0; \" data-overlay=\"true\" data-overlay-color=\"#000000\" class=\"panel-row-style panel-row-style-for-10-0\" ><div id=\"pgc-10-0-0\"  class=\"panel-grid-cell\" ><div id=\"panel-10-0-0-0\" class=\"so-panel widget widget_media_image panel-first-child panel-last-child\" data-index=\"0\" ><div style=\"text-align: left;\" data-title-color=\"#443f3f\" data-headings-color=\"#443f3f\" class=\"panel-widget-style panel-widget-style-for-10-0-0-0\" ><a href=\"https:\/\/burch-korrodi.ch\/wp-content\/uploads\/2018\/06\/Hauptseite_Kette_01.jpg\"><img fetchpriority=\"high\" decoding=\"async\" width=\"300\" height=\"409\" src=\"https:\/\/burch-korrodi.ch\/wp-content\/uploads\/2018\/06\/Hauptseite_Kette_01.jpg\" class=\"image wp-image-15  attachment-full size-full\" alt=\"\" style=\"max-width: 100%; height: auto;\" srcset=\"https:\/\/burch-korrodi.ch\/wp-content\/uploads\/2018\/06\/Hauptseite_Kette_01.jpg 300w, https:\/\/burch-korrodi.ch\/wp-content\/uploads\/2018\/06\/Hauptseite_Kette_01-220x300.jpg 220w, https:\/\/burch-korrodi.ch\/wp-content\/uploads\/2018\/06\/Hauptseite_Kette_01-230x314.jpg 230w\" sizes=\"(max-width: 300px) 100vw, 300px\" \/><\/a><\/div><\/div><\/div><div id=\"pgc-10-0-1\"  class=\"panel-grid-cell\" ><div id=\"panel-10-0-1-0\" class=\"so-panel widget widget_sow-editor panel-first-child panel-last-child\" data-index=\"1\" ><div style=\"text-align: left;\" data-title-color=\"#443f3f\" data-headings-color=\"#443f3f\" class=\"panel-widget-style panel-widget-style-for-10-0-1-0\" ><div\n\t\t\t\n\t\t\tclass=\"so-widget-sow-editor so-widget-sow-editor-base\"\n\t\t\t\n\t\t><h3 class=\"widget-title\">\"Gute Arbeit leisten ist eine geistige Haltung.\"<\/h3>\n<div class=\"siteorigin-widget-tinymce textwidget\">\n\t<div class=\"siteorigin-widget-tinymce textwidget\">\n<div>\n<div class=\"csc-textpic-text\">\n<p class=\"bodytext_1\">Der Obwaldner Goldschmied und Unternehmer Meinrad Burch-Korrodi (1897 - 1978) machte sich vor allem als konsequenter Neuerer in der sakralen Kunst international einen Namen und nahm erfolgreich an nationalen und internationalen Ausstellungen teil. Er verwendete konsequent die strenge Formsprache des Bauhauses und brach damit mit der im fr\u00fchen 20. Jahrhundert \u00fcblichen barocken Auffassung, wie Schmuckst\u00fccke und sakrale Ger\u00e4te auszusehen haben.<\/p>\n<\/div>\n<\/div>\n<\/div>\n<\/div>\n<\/div><\/div><\/div><\/div><\/div><\/div><div id=\"pg-10-1\"  class=\"panel-grid panel-has-style\" ><div style=\"padding: 100px 0; \" data-overlay=\"true\" data-overlay-color=\"#000000\" class=\"panel-row-style panel-row-style-for-10-1\" ><div id=\"pgc-10-1-0\"  class=\"panel-grid-cell panel-grid-cell-empty\" ><\/div><\/div><\/div><div id=\"pg-10-2\"  class=\"panel-grid panel-has-style\" ><div style=\"padding: 2em 0; \" data-overlay=\"true\" data-overlay-color=\"#000000\" class=\"panel-row-style panel-row-style-for-10-2\" ><div id=\"pgc-10-2-0\"  class=\"panel-grid-cell\" ><div id=\"panel-10-2-0-0\" class=\"so-panel widget widget_media_gallery panel-first-child panel-last-child\" data-index=\"2\" ><div style=\"text-align: left;\" data-title-color=\"#443f3f\" data-headings-color=\"#443f3f\" class=\"panel-widget-style panel-widget-style-for-10-2-0-0\" ><div id='gallery-1' class='gallery galleryid-10 gallery-columns-6 gallery-size-thumbnail'><figure class='gallery-item'>\n\t\t\t<div class='gallery-icon landscape'>\n\t\t\t\t<a href='https:\/\/burch-korrodi.ch\/wp-content\/uploads\/2018\/06\/01_Bruder_Klaus_Sachseln.jpg'><img decoding=\"async\" width=\"150\" height=\"150\" src=\"https:\/\/burch-korrodi.ch\/wp-content\/uploads\/2018\/06\/01_Bruder_Klaus_Sachseln-150x150.jpg\" class=\"attachment-thumbnail size-thumbnail\" alt=\"\" \/><\/a>\n\t\t\t<\/div><\/figure><figure class='gallery-item'>\n\t\t\t<div class='gallery-icon portrait'>\n\t\t\t\t<a href='https:\/\/burch-korrodi.ch\/wp-content\/uploads\/2018\/06\/02_Drachen.jpg'><img decoding=\"async\" width=\"150\" height=\"150\" src=\"https:\/\/burch-korrodi.ch\/wp-content\/uploads\/2018\/06\/02_Drachen-150x150.jpg\" class=\"attachment-thumbnail size-thumbnail\" alt=\"\" \/><\/a>\n\t\t\t<\/div><\/figure><figure class='gallery-item'>\n\t\t\t<div class='gallery-icon landscape'>\n\t\t\t\t<a href='https:\/\/burch-korrodi.ch\/wp-content\/uploads\/2018\/06\/03_Teeservice.jpg'><img loading=\"lazy\" decoding=\"async\" width=\"150\" height=\"150\" src=\"https:\/\/burch-korrodi.ch\/wp-content\/uploads\/2018\/06\/03_Teeservice-150x150.jpg\" class=\"attachment-thumbnail size-thumbnail\" alt=\"\" \/><\/a>\n\t\t\t<\/div><\/figure><figure class='gallery-item'>\n\t\t\t<div class='gallery-icon landscape'>\n\t\t\t\t<a href='https:\/\/burch-korrodi.ch\/wp-content\/uploads\/2018\/06\/04_Schmuck.jpg'><img loading=\"lazy\" decoding=\"async\" width=\"150\" height=\"150\" src=\"https:\/\/burch-korrodi.ch\/wp-content\/uploads\/2018\/06\/04_Schmuck-150x150.jpg\" class=\"attachment-thumbnail size-thumbnail\" alt=\"\" \/><\/a>\n\t\t\t<\/div><\/figure><figure class='gallery-item'>\n\t\t\t<div class='gallery-icon landscape'>\n\t\t\t\t<a href='https:\/\/burch-korrodi.ch\/wp-content\/uploads\/2018\/06\/05_Kelch.jpg'><img loading=\"lazy\" decoding=\"async\" width=\"150\" height=\"150\" src=\"https:\/\/burch-korrodi.ch\/wp-content\/uploads\/2018\/06\/05_Kelch-150x150.jpg\" class=\"attachment-thumbnail size-thumbnail\" alt=\"\" srcset=\"https:\/\/burch-korrodi.ch\/wp-content\/uploads\/2018\/06\/05_Kelch-150x150.jpg 150w, https:\/\/burch-korrodi.ch\/wp-content\/uploads\/2018\/06\/05_Kelch-300x300.jpg 300w, https:\/\/burch-korrodi.ch\/wp-content\/uploads\/2018\/06\/05_Kelch-230x230.jpg 230w, https:\/\/burch-korrodi.ch\/wp-content\/uploads\/2018\/06\/05_Kelch-350x350.jpg 350w, https:\/\/burch-korrodi.ch\/wp-content\/uploads\/2018\/06\/05_Kelch-480x480.jpg 480w, https:\/\/burch-korrodi.ch\/wp-content\/uploads\/2018\/06\/05_Kelch.jpg 500w\" sizes=\"(max-width: 150px) 100vw, 150px\" \/><\/a>\n\t\t\t<\/div><\/figure><figure class='gallery-item'>\n\t\t\t<div class='gallery-icon portrait'>\n\t\t\t\t<a href='https:\/\/burch-korrodi.ch\/wp-content\/uploads\/2018\/06\/Gabriel_Ludwig_Lory__Paysan_de_Meyringuen_dans_la_vallee_d_Oberhasli__1805_MA_D_0018z.jpg'><img loading=\"lazy\" decoding=\"async\" width=\"150\" height=\"150\" src=\"https:\/\/burch-korrodi.ch\/wp-content\/uploads\/2018\/06\/Gabriel_Ludwig_Lory__Paysan_de_Meyringuen_dans_la_vallee_d_Oberhasli__1805_MA_D_0018z-150x150.jpg\" class=\"attachment-thumbnail size-thumbnail\" alt=\"\" \/><\/a>\n\t\t\t<\/div><\/figure>\n\t\t<\/div>\n<\/div><\/div><\/div><\/div><\/div><\/div>","protected":false},"excerpt":{"rendered":"<p>Der Obwaldner Goldschmied und Unternehmer Meinrad Burch-Korrodi (1897 &#8211; 1978) machte sich vor allem als konsequenter Neuerer in der sakralen Kunst international [&hellip;]<\/p>\n","protected":false},"author":1,"featured_media":0,"parent":0,"menu_order":0,"comment_status":"closed","ping_status":"closed","template":"","meta":{"footnotes":""},"class_list":["post-10","page","type-page","status-publish","hentry"],"_links":{"self":[{"href":"https:\/\/burch-korrodi.ch\/index.php?rest_route=\/wp\/v2\/pages\/10","targetHints":{"allow":["GET"]}}],"collection":[{"href":"https:\/\/burch-korrodi.ch\/index.php?rest_route=\/wp\/v2\/pages"}],"about":[{"href":"https:\/\/burch-korrodi.ch\/index.php?rest_route=\/wp\/v2\/types\/page"}],"author":[{"embeddable":true,"href":"https:\/\/burch-korrodi.ch\/index.php?rest_route=\/wp\/v2\/users\/1"}],"replies":[{"embeddable":true,"href":"https:\/\/burch-korrodi.ch\/index.php?rest_route=%2Fwp%2Fv2%2Fcomments&post=10"}],"version-history":[{"count":117,"href":"https:\/\/burch-korrodi.ch\/index.php?rest_route=\/wp\/v2\/pages\/10\/revisions"}],"predecessor-version":[{"id":785,"href":"https:\/\/burch-korrodi.ch\/index.php?rest_route=\/wp\/v2\/pages\/10\/revisions\/785"}],"wp:attachment":[{"href":"https:\/\/burch-korrodi.ch\/index.php?rest_route=%2Fwp%2Fv2%2Fmedia&parent=10"}],"curies":[{"name":"wp","href":"https:\/\/api.w.org\/{rel}","templated":true}]}}